{"id":17,"date":"2022-01-18T19:11:26","date_gmt":"2022-01-18T18:11:26","guid":{"rendered":"http:\/\/anadolu-blankenhain.de\/wordpress\/?page_id=17"},"modified":"2022-12-29T08:40:28","modified_gmt":"2022-12-29T07:40:28","slug":"startseite","status":"publish","type":"page","link":"https:\/\/anadolu-blankenhain.de\/wordpress\/","title":{"rendered":"Startseite"},"content":{"rendered":"\n<figure class=\"wp-block-image size-full\"><img loading=\"lazy\" decoding=\"async\" width=\"700\" height=\"281\" src=\"https:\/\/anadolu-blankenhain.de\/wordpress\/wp-content\/uploads\/2022\/01\/willkommen.jpg\" alt=\"\" class=\"wp-image-18\" srcset=\"https:\/\/anadolu-blankenhain.de\/wordpress\/wp-content\/uploads\/2022\/01\/willkommen.jpg 700w, https:\/\/anadolu-blankenhain.de\/wordpress\/wp-content\/uploads\/2022\/01\/willkommen-300x120.jpg 300w, https:\/\/anadolu-blankenhain.de\/wordpress\/wp-content\/uploads\/2022\/01\/willkommen-660x265.jpg 660w\" sizes=\"auto, (max-width: 700px) 100vw, 700px\" \/><\/figure>\n\n\n\n<p>Gerne nehmen wir Ihre Bestellung auch telefonisch entgegen und nach etwa 10 -15 Minuten sind die Speisen f\u00fcr Sie mitnahmefertig zu bereitet.<\/p>\n\n\n\n<p><strong>Wir freuen uns auf Ihren Besuch !<\/strong><\/p>\n\n\n\n<p><\/p>\n\n\n\n<p><\/p>\n\n\n\n<p><strong>Wir bitten um Verst\u00e4ndnis <\/strong><\/p>\n\n\n\n<p><\/p>\n\n\n\n<p>K\u00fcrzlich mussten wir auch unsere Preise geringf\u00fcgig korrigieren. Das ist uns wirklich nicht leicht gefallen. Die Einkaufspreise insbesondere f\u00fcr frisches Gem\u00fcse sind wirklich teurer geworden. Sie merken das sicher auch pers\u00f6nlich bei Ihrem Einkauf im Supermarkt.<\/p>\n\n\n\n<p><strong>Vielen Dank.<\/strong><\/p>\n","protected":false},"excerpt":{"rendered":"<p>Gerne nehmen wir Ihre Bestellung auch telefonisch entgegen und nach etwa 10 -15 Minuten sind die Speisen f\u00fcr Sie mitnahmefertig zu bereitet. Wir freuen uns auf Ihren Besuch ! Wir bitten um Verst\u00e4ndnis K\u00fcrzlich mussten wir auch unsere Preise geringf\u00fcgig korrigieren. Das ist uns wirklich nicht leicht gefallen. Die Einkaufspreise insbesondere f\u00fcr frisches Gem\u00fcse sind&#8230; <a class=\"moretag\" href=\"https:\/\/anadolu-blankenhain.de\/wordpress\/\">Weiter lesen &raquo;<\/a><\/p>\n","protected":false},"author":1,"featured_media":0,"parent":0,"menu_order":0,"comment_status":"closed","ping_status":"closed","template":"","meta":{"footnotes":""},"class_list":["post-17","page","type-page","status-publish","hentry"],"_links":{"self":[{"href":"https:\/\/anadolu-blankenhain.de\/wordpress\/wp-json\/wp\/v2\/pages\/17","targetHints":{"allow":["GET"]}}],"collection":[{"href":"https:\/\/anadolu-blankenhain.de\/wordpress\/wp-json\/wp\/v2\/pages"}],"about":[{"href":"https:\/\/anadolu-blankenhain.de\/wordpress\/wp-json\/wp\/v2\/types\/page"}],"author":[{"embeddable":true,"href":"https:\/\/anadolu-blankenhain.de\/wordpress\/wp-json\/wp\/v2\/users\/1"}],"replies":[{"embeddable":true,"href":"https:\/\/anadolu-blankenhain.de\/wordpress\/wp-json\/wp\/v2\/comments?post=17"}],"version-history":[{"count":3,"href":"https:\/\/anadolu-blankenhain.de\/wordpress\/wp-json\/wp\/v2\/pages\/17\/revisions"}],"predecessor-version":[{"id":197,"href":"https:\/\/anadolu-blankenhain.de\/wordpress\/wp-json\/wp\/v2\/pages\/17\/revisions\/197"}],"wp:attachment":[{"href":"https:\/\/anadolu-blankenhain.de\/wordpress\/wp-json\/wp\/v2\/media?parent=17"}],"curies":[{"name":"wp","href":"https:\/\/api.w.org\/{rel}","templated":true}]}}