{"id":34,"date":"2022-01-18T19:34:56","date_gmt":"2022-01-18T18:34:56","guid":{"rendered":"http:\/\/anadolu-blankenhain.de\/wordpress\/?page_id=34"},"modified":"2022-01-18T19:34:57","modified_gmt":"2022-01-18T18:34:57","slug":"lokal","status":"publish","type":"page","link":"https:\/\/anadolu-blankenhain.de\/wordpress\/lokal\/","title":{"rendered":"Lokal"},"content":{"rendered":"\n<p>Fein eingerichtet finden in unserem Pizzeria-Kebaphaus etwa 40 G\u00e4ste in einem gem\u00fctlichen Ambiente Platz. Frisch zubereitet k\u00f6nnen sie so unsere leckeren, hausgemachten Speisen ganz entspannt genie\u00dfen. Und wenn sie uns als Gruppe besuchen m\u00f6chten \u2013 auch kein Problem! Gern stellen wir ihnen eine Tafel zusammen, an der sie gemeinsam eine kulinarisch fantastische Zeit verbringen k\u00f6nnen.<\/p>\n\n\n\n<p>Und f\u00fcr unsere Frischluftliebhaber: Eine \u00fcberdachte Terrasse, direkt vor unserer T\u00fcr.<\/p>\n\n\n\n<figure class=\"wp-block-image size-full\"><img loading=\"lazy\" decoding=\"async\" width=\"900\" height=\"312\" src=\"https:\/\/anadolu-blankenhain.de\/wordpress\/wp-content\/uploads\/2022\/01\/lokal.png\" alt=\"\" class=\"wp-image-35\" srcset=\"https:\/\/anadolu-blankenhain.de\/wordpress\/wp-content\/uploads\/2022\/01\/lokal.png 900w, https:\/\/anadolu-blankenhain.de\/wordpress\/wp-content\/uploads\/2022\/01\/lokal-300x104.png 300w, https:\/\/anadolu-blankenhain.de\/wordpress\/wp-content\/uploads\/2022\/01\/lokal-768x266.png 768w, https:\/\/anadolu-blankenhain.de\/wordpress\/wp-content\/uploads\/2022\/01\/lokal-660x229.png 660w\" sizes=\"auto, (max-width: 900px) 100vw, 900px\" \/><\/figure>\n","protected":false},"excerpt":{"rendered":"<p>Fein eingerichtet finden in unserem Pizzeria-Kebaphaus etwa 40 G\u00e4ste in einem gem\u00fctlichen Ambiente Platz. Frisch zubereitet k\u00f6nnen sie so unsere leckeren, hausgemachten Speisen ganz entspannt genie\u00dfen. Und wenn sie uns als Gruppe besuchen m\u00f6chten \u2013 auch kein Problem! Gern stellen wir ihnen eine Tafel zusammen, an der sie gemeinsam eine kulinarisch fantastische Zeit verbringen k\u00f6nnen&#8230;. <a class=\"moretag\" href=\"https:\/\/anadolu-blankenhain.de\/wordpress\/lokal\/\">Weiter lesen &raquo;<\/a><\/p>\n","protected":false},"author":1,"featured_media":0,"parent":0,"menu_order":0,"comment_status":"closed","ping_status":"closed","template":"","meta":{"footnotes":""},"class_list":["post-34","page","type-page","status-publish","hentry"],"_links":{"self":[{"href":"https:\/\/anadolu-blankenhain.de\/wordpress\/wp-json\/wp\/v2\/pages\/34","targetHints":{"allow":["GET"]}}],"collection":[{"href":"https:\/\/anadolu-blankenhain.de\/wordpress\/wp-json\/wp\/v2\/pages"}],"about":[{"href":"https:\/\/anadolu-blankenhain.de\/wordpress\/wp-json\/wp\/v2\/types\/page"}],"author":[{"embeddable":true,"href":"https:\/\/anadolu-blankenhain.de\/wordpress\/wp-json\/wp\/v2\/users\/1"}],"replies":[{"embeddable":true,"href":"https:\/\/anadolu-blankenhain.de\/wordpress\/wp-json\/wp\/v2\/comments?post=34"}],"version-history":[{"count":1,"href":"https:\/\/anadolu-blankenhain.de\/wordpress\/wp-json\/wp\/v2\/pages\/34\/revisions"}],"predecessor-version":[{"id":37,"href":"https:\/\/anadolu-blankenhain.de\/wordpress\/wp-json\/wp\/v2\/pages\/34\/revisions\/37"}],"wp:attachment":[{"href":"https:\/\/anadolu-blankenhain.de\/wordpress\/wp-json\/wp\/v2\/media?parent=34"}],"curies":[{"name":"wp","href":"https:\/\/api.w.org\/{rel}","templated":true}]}}